{"id":194,"date":"2024-10-17T11:19:39","date_gmt":"2024-10-17T11:19:39","guid":{"rendered":"https:\/\/lebenswerkconsulting.com\/?page_id=194"},"modified":"2026-02-16T10:16:09","modified_gmt":"2026-02-16T10:16:09","slug":"impressum","status":"publish","type":"page","link":"https:\/\/lebenswerkconsulting.com\/en\/impressum\/","title":{"rendered":"Imprint \/ Impressum"},"content":{"rendered":"<div data-elementor-type=\"wp-page\" data-elementor-id=\"194\" class=\"elementor elementor-194\" data-elementor-post-type=\"page\">\n\t\t\t\t<div class=\"elementor-element elementor-element-3a0f835 e-con-full e-flex e-con e-parent\" data-id=\"3a0f835\" data-element_type=\"container\" data-settings=\"{&quot;background_background&quot;:&quot;classic&quot;}\">\n\t\t<div class=\"elementor-element elementor-element-09c6e4d e-con-full e-flex e-con e-child\" data-id=\"09c6e4d\" data-element_type=\"container\" data-settings=\"{&quot;background_background&quot;:&quot;classic&quot;}\">\n\t\t\t\t<div class=\"elementor-element elementor-element-645275b elementor-hidden-tablet elementor-hidden-mobile elementor-widget-divider--view-line elementor-widget elementor-widget-divider\" data-id=\"645275b\" data-element_type=\"widget\" data-widget_type=\"divider.default\">\n\t\t\t\t<div class=\"elementor-widget-container\">\n\t\t\t\t\t\t\t<div class=\"elementor-divider\">\n\t\t\t<span class=\"elementor-divider-separator\">\n\t\t\t\t\t\t<\/span>\n\t\t<\/div>\n\t\t\t\t\t\t<\/div>\n\t\t\t\t<\/div>\n\t\t\t\t<div class=\"elementor-element elementor-element-0583d43 elementor-hidden-tablet elementor-hidden-mobile elementor-widget-divider--view-line elementor-widget elementor-widget-divider\" data-id=\"0583d43\" data-element_type=\"widget\" data-widget_type=\"divider.default\">\n\t\t\t\t<div class=\"elementor-widget-container\">\n\t\t\t\t\t\t\t<div class=\"elementor-divider\">\n\t\t\t<span class=\"elementor-divider-separator\">\n\t\t\t\t\t\t<\/span>\n\t\t<\/div>\n\t\t\t\t\t\t<\/div>\n\t\t\t\t<\/div>\n\t\t\t\t<div class=\"elementor-element elementor-element-64f471b elementor-widget-divider--view-line elementor-widget elementor-widget-divider\" data-id=\"64f471b\" data-element_type=\"widget\" data-widget_type=\"divider.default\">\n\t\t\t\t<div class=\"elementor-widget-container\">\n\t\t\t\t\t\t\t<div class=\"elementor-divider\">\n\t\t\t<span class=\"elementor-divider-separator\">\n\t\t\t\t\t\t<\/span>\n\t\t<\/div>\n\t\t\t\t\t\t<\/div>\n\t\t\t\t<\/div>\n\t\t<div class=\"elementor-element elementor-element-655acba e-flex e-con-boxed e-con e-child\" data-id=\"655acba\" data-element_type=\"container\">\n\t\t\t\t\t<div class=\"e-con-inner\">\n\t\t\t\t<div class=\"elementor-element elementor-element-7329a58 elementor-widget elementor-widget-heading\" data-id=\"7329a58\" data-element_type=\"widget\" data-widget_type=\"heading.default\">\n\t\t\t\t<div class=\"elementor-widget-container\">\n\t\t\t\t\t<h2 class=\"elementor-heading-title elementor-size-default\">Imprint \/ Impressum<\/h2>\t\t\t\t<\/div>\n\t\t\t\t<\/div>\n\t\t\t\t\t<\/div>\n\t\t\t\t<\/div>\n\t\t\t\t<\/div>\n\t\t<div class=\"elementor-element elementor-element-001d922 e-flex e-con-boxed e-con e-child\" data-id=\"001d922\" data-element_type=\"container\" data-settings=\"{&quot;background_background&quot;:&quot;classic&quot;}\">\n\t\t\t\t\t<div class=\"e-con-inner\">\n\t\t\t\t<div class=\"elementor-element elementor-element-726e8f8 elementor-widget elementor-widget-text-editor\" data-id=\"726e8f8\" data-element_type=\"widget\" data-widget_type=\"text-editor.default\">\n\t\t\t\t<div class=\"elementor-widget-container\">\n\t\t\t\t\t\t\t\t\t<p><b>Lebenswerk Management GmbH<br \/><\/b>Graf-Adolf-Platz 15<br \/>40213 D\u00fcsseldorf<br \/>Deutschland<\/p><p>Telefon:\u00a0+49 211 9241 5629<\/p><p>Handelsregister: Amtsgericht D\u00fcsseldorf HRB 98230<\/p><p>Gesch\u00e4ftsf\u00fchrer: Alexander Nowroth, Henrik Sch\u00f6pfer<\/p><p>Kontakt: info@lebenswerkconsulting.com<\/p><p>USt-ID-Nr.: DE358873098<\/p><p><b>EU-Streitschlichtung<\/b><\/p><p>Die Europ\u00e4ische Kommission stellt eine Plattform zur au\u00dfergerichtlichen Online-Streitbelegung (OS) bereit, die unter folgendem Link zu finden ist:\u00a0<a href=\"https:\/\/ec.europa.eu\/consumers\/odr\/main\/index.cfm?event=main.home2.show&amp;lng=DE\">https:\/\/ec.europa.eu\/consumers\/odr\/main\/index.cfm<\/a><\/p><p>Die Lebenswerk Management GmbH ist weder zur Teilnahme an einem Streitbeilegungsverfahren vor einer Verbraucherschlichtungsstelle bereit, noch dazu verpflichtet.<\/p><p>Verantwortlicher im Sinne von \u00a7 18 Abs. 2 MStV: Alexander Nowroth, Graf-Adolf-Platz 15 40213 D\u00fcsseldorf<\/p>\t\t\t\t\t\t\t\t<\/div>\n\t\t\t\t<\/div>\n\t\t\t\t<div class=\"elementor-element elementor-element-f14a25c elementor-widget elementor-widget-html\" data-id=\"f14a25c\" data-element_type=\"widget\" data-widget_type=\"html.default\">\n\t\t\t\t<div class=\"elementor-widget-container\">\n\t\t\t\t\t  <h5> <a href=\"https:\/\/rheinspace.de\" style=\"color:white\">Webdesign Agentur<\/a> &\n            \n            <a href=\"https:\/\/rheinspace.de\/website-betreuung\/\" style=\"color:white\">Website Betreuung<\/a>\n        <\/h5> \n       <img decoding=\"async\" src=\"https:\/\/rheinspace.de\/wp-content\/uploads\/2025\/11\/RS_Logo.png\" alt=\"RHEINSPACE LOGO\" style=\"width: 25px; margin-right: 5px\"\/> \n\n       <a href=\"https:\/\/rheinspace.de\" style=\"color:white\"> RHEINSPACE GmbH<\/a>\t\t\t\t<\/div>\n\t\t\t\t<\/div>\n\t\t\t\t\t<\/div>\n\t\t\t\t<\/div>\n\t\t\t\t<\/div>\n\t\t\t\t<\/div>","protected":false},"excerpt":{"rendered":"<p>Impressum Lebenswerk Management GmbHGraf-Adolf-Platz 1540213 D\u00fcsseldorfDeutschland Telefon:\u00a0+49 211 9241 5629 Handelsregister: Amtsgericht D\u00fcsseldorf HRB 98230 Gesch\u00e4ftsf\u00fchrer: Alexander Nowroth, Henrik Sch\u00f6pfer Kontakt: info@lebenswerkconsulting.com USt-ID-Nr.: DE358873098 EU-Streitschlichtung Die Europ\u00e4ische Kommission stellt eine Plattform zur au\u00dfergerichtlichen Online-Streitbelegung (OS) bereit, die unter folgendem Link zu finden ist:\u00a0https:\/\/ec.europa.eu\/consumers\/odr\/main\/index.cfm Die Lebenswerk Management GmbH ist weder zur Teilnahme an einem Streitbeilegungsverfahren vor [&hellip;]<\/p>","protected":false},"author":1,"featured_media":536,"parent":0,"menu_order":0,"comment_status":"closed","ping_status":"closed","template":"","meta":{"footnotes":""},"class_list":["post-194","page","type-page","status-publish","has-post-thumbnail","hentry"],"yoast_head":"<!-- This site is optimized with the Yoast SEO plugin v26.9 - https:\/\/yoast.com\/product\/yoast-seo-wordpress\/ -->\n<title>Impressum - Lebenswerk Consulting Group<\/title>\n<meta name=\"description\" content=\"Experts f\u00fcr Strategieentwicklung, Organisationsentwicklung und Commercial Excellence. Wir schaffen leistungsstarke Organisationen der Zukunft\" \/>\n<meta name=\"robots\" content=\"index, follow, max-snippet:-1, max-image-preview:large, max-video-preview:-1\" \/>\n<link rel=\"canonical\" href=\"https:\/\/lebenswerkconsulting.com\/en\/impressum\/\" \/>\n<meta property=\"og:locale\" content=\"en_GB\" \/>\n<meta property=\"og:type\" content=\"article\" \/>\n<meta property=\"og:title\" content=\"Impressum - Lebenswerk Consulting Group\" \/>\n<meta property=\"og:description\" content=\"Experts f\u00fcr Strategieentwicklung, Organisationsentwicklung und Commercial Excellence. Wir schaffen leistungsstarke Organisationen der Zukunft\" \/>\n<meta property=\"og:url\" content=\"https:\/\/lebenswerkconsulting.com\/en\/impressum\/\" \/>\n<meta property=\"og:site_name\" content=\"Lebenswerk Consulting Group\" \/>\n<meta property=\"article:modified_time\" content=\"2026-02-16T10:16:09+00:00\" \/>\n<meta property=\"og:image\" content=\"https:\/\/lebenswerkconsulting.com\/wp-content\/uploads\/2024\/10\/DSC08281.jpg\" \/>\n\t<meta property=\"og:image:width\" content=\"1280\" \/>\n\t<meta property=\"og:image:height\" content=\"1920\" \/>\n\t<meta property=\"og:image:type\" content=\"image\/jpeg\" \/>\n<meta name=\"twitter:card\" content=\"summary_large_image\" \/>\n<meta name=\"twitter:label1\" content=\"Estimated reading time\" \/>\n\t<meta name=\"twitter:data1\" content=\"1 minute\" \/>\n<script type=\"application\/ld+json\" class=\"yoast-schema-graph\">{\"@context\":\"https:\/\/schema.org\",\"@graph\":[{\"@type\":\"WebPage\",\"@id\":\"https:\/\/lebenswerkconsulting.com\/impressum\/\",\"url\":\"https:\/\/lebenswerkconsulting.com\/impressum\/\",\"name\":\"Impressum - Lebenswerk Consulting Group\",\"isPartOf\":{\"@id\":\"https:\/\/lebenswerkconsulting.com\/#website\"},\"primaryImageOfPage\":{\"@id\":\"https:\/\/lebenswerkconsulting.com\/impressum\/#primaryimage\"},\"image\":{\"@id\":\"https:\/\/lebenswerkconsulting.com\/impressum\/#primaryimage\"},\"thumbnailUrl\":\"https:\/\/lebenswerkconsulting.com\/wp-content\/uploads\/2024\/10\/DSC08281.jpg\",\"datePublished\":\"2024-10-17T11:19:39+00:00\",\"dateModified\":\"2026-02-16T10:16:09+00:00\",\"description\":\"Experts f\u00fcr Strategieentwicklung, Organisationsentwicklung und Commercial Excellence. Wir schaffen leistungsstarke Organisationen der Zukunft\",\"breadcrumb\":{\"@id\":\"https:\/\/lebenswerkconsulting.com\/impressum\/#breadcrumb\"},\"inLanguage\":\"en-GB\",\"potentialAction\":[{\"@type\":\"ReadAction\",\"target\":[\"https:\/\/lebenswerkconsulting.com\/impressum\/\"]}]},{\"@type\":\"ImageObject\",\"inLanguage\":\"en-GB\",\"@id\":\"https:\/\/lebenswerkconsulting.com\/impressum\/#primaryimage\",\"url\":\"https:\/\/lebenswerkconsulting.com\/wp-content\/uploads\/2024\/10\/DSC08281.jpg\",\"contentUrl\":\"https:\/\/lebenswerkconsulting.com\/wp-content\/uploads\/2024\/10\/DSC08281.jpg\",\"width\":1280,\"height\":1920},{\"@type\":\"BreadcrumbList\",\"@id\":\"https:\/\/lebenswerkconsulting.com\/impressum\/#breadcrumb\",\"itemListElement\":[{\"@type\":\"ListItem\",\"position\":1,\"name\":\"Home\",\"item\":\"https:\/\/lebenswerkconsulting.com\/\"},{\"@type\":\"ListItem\",\"position\":2,\"name\":\"Impressum\"}]},{\"@type\":\"WebSite\",\"@id\":\"https:\/\/lebenswerkconsulting.com\/#website\",\"url\":\"https:\/\/lebenswerkconsulting.com\/\",\"name\":\"Lebenswerk Consulting Group\",\"description\":\"\",\"publisher\":{\"@id\":\"https:\/\/lebenswerkconsulting.com\/#organization\"},\"potentialAction\":[{\"@type\":\"SearchAction\",\"target\":{\"@type\":\"EntryPoint\",\"urlTemplate\":\"https:\/\/lebenswerkconsulting.com\/?s={search_term_string}\"},\"query-input\":{\"@type\":\"PropertyValueSpecification\",\"valueRequired\":true,\"valueName\":\"search_term_string\"}}],\"inLanguage\":\"en-GB\"},{\"@type\":\"Organization\",\"@id\":\"https:\/\/lebenswerkconsulting.com\/#organization\",\"name\":\"Lebenswerk Consulting Group\",\"url\":\"https:\/\/lebenswerkconsulting.com\/\",\"logo\":{\"@type\":\"ImageObject\",\"inLanguage\":\"en-GB\",\"@id\":\"https:\/\/lebenswerkconsulting.com\/#\/schema\/logo\/image\/\",\"url\":\"https:\/\/lebenswerkconsulting.com\/wp-content\/uploads\/2024\/10\/New_logo.png\",\"contentUrl\":\"https:\/\/lebenswerkconsulting.com\/wp-content\/uploads\/2024\/10\/New_logo.png\",\"width\":2956,\"height\":512,\"caption\":\"Lebenswerk Consulting Group\"},\"image\":{\"@id\":\"https:\/\/lebenswerkconsulting.com\/#\/schema\/logo\/image\/\"}}]}<\/script>\n<!-- \/ Yoast SEO plugin. -->","yoast_head_json":{"title":"Impressum - Lebenswerk Consulting Group","description":"Experts f\u00fcr Strategieentwicklung, Organisationsentwicklung und Commercial Excellence. Wir schaffen leistungsstarke Organisationen der Zukunft","robots":{"index":"index","follow":"follow","max-snippet":"max-snippet:-1","max-image-preview":"max-image-preview:large","max-video-preview":"max-video-preview:-1"},"canonical":"https:\/\/lebenswerkconsulting.com\/en\/impressum\/","og_locale":"en_GB","og_type":"article","og_title":"Impressum - Lebenswerk Consulting Group","og_description":"Experts f\u00fcr Strategieentwicklung, Organisationsentwicklung und Commercial Excellence. Wir schaffen leistungsstarke Organisationen der Zukunft","og_url":"https:\/\/lebenswerkconsulting.com\/en\/impressum\/","og_site_name":"Lebenswerk Consulting Group","article_modified_time":"2026-02-16T10:16:09+00:00","og_image":[{"width":1280,"height":1920,"url":"https:\/\/lebenswerkconsulting.com\/wp-content\/uploads\/2024\/10\/DSC08281.jpg","type":"image\/jpeg"}],"twitter_card":"summary_large_image","twitter_misc":{"Estimated reading time":"1 minute"},"schema":{"@context":"https:\/\/schema.org","@graph":[{"@type":"WebPage","@id":"https:\/\/lebenswerkconsulting.com\/impressum\/","url":"https:\/\/lebenswerkconsulting.com\/impressum\/","name":"Impressum - Lebenswerk Consulting Group","isPartOf":{"@id":"https:\/\/lebenswerkconsulting.com\/#website"},"primaryImageOfPage":{"@id":"https:\/\/lebenswerkconsulting.com\/impressum\/#primaryimage"},"image":{"@id":"https:\/\/lebenswerkconsulting.com\/impressum\/#primaryimage"},"thumbnailUrl":"https:\/\/lebenswerkconsulting.com\/wp-content\/uploads\/2024\/10\/DSC08281.jpg","datePublished":"2024-10-17T11:19:39+00:00","dateModified":"2026-02-16T10:16:09+00:00","description":"Experts f\u00fcr Strategieentwicklung, Organisationsentwicklung und Commercial Excellence. Wir schaffen leistungsstarke Organisationen der Zukunft","breadcrumb":{"@id":"https:\/\/lebenswerkconsulting.com\/impressum\/#breadcrumb"},"inLanguage":"en-GB","potentialAction":[{"@type":"ReadAction","target":["https:\/\/lebenswerkconsulting.com\/impressum\/"]}]},{"@type":"ImageObject","inLanguage":"en-GB","@id":"https:\/\/lebenswerkconsulting.com\/impressum\/#primaryimage","url":"https:\/\/lebenswerkconsulting.com\/wp-content\/uploads\/2024\/10\/DSC08281.jpg","contentUrl":"https:\/\/lebenswerkconsulting.com\/wp-content\/uploads\/2024\/10\/DSC08281.jpg","width":1280,"height":1920},{"@type":"BreadcrumbList","@id":"https:\/\/lebenswerkconsulting.com\/impressum\/#breadcrumb","itemListElement":[{"@type":"ListItem","position":1,"name":"Home","item":"https:\/\/lebenswerkconsulting.com\/"},{"@type":"ListItem","position":2,"name":"Impressum"}]},{"@type":"WebSite","@id":"https:\/\/lebenswerkconsulting.com\/#website","url":"https:\/\/lebenswerkconsulting.com\/","name":"Lebenswerk Consulting Group","description":"","publisher":{"@id":"https:\/\/lebenswerkconsulting.com\/#organization"},"potentialAction":[{"@type":"SearchAction","target":{"@type":"EntryPoint","urlTemplate":"https:\/\/lebenswerkconsulting.com\/?s={search_term_string}"},"query-input":{"@type":"PropertyValueSpecification","valueRequired":true,"valueName":"search_term_string"}}],"inLanguage":"en-GB"},{"@type":"Organization","@id":"https:\/\/lebenswerkconsulting.com\/#organization","name":"Lebenswerk Consulting Group","url":"https:\/\/lebenswerkconsulting.com\/","logo":{"@type":"ImageObject","inLanguage":"en-GB","@id":"https:\/\/lebenswerkconsulting.com\/#\/schema\/logo\/image\/","url":"https:\/\/lebenswerkconsulting.com\/wp-content\/uploads\/2024\/10\/New_logo.png","contentUrl":"https:\/\/lebenswerkconsulting.com\/wp-content\/uploads\/2024\/10\/New_logo.png","width":2956,"height":512,"caption":"Lebenswerk Consulting Group"},"image":{"@id":"https:\/\/lebenswerkconsulting.com\/#\/schema\/logo\/image\/"}}]}},"_links":{"self":[{"href":"https:\/\/lebenswerkconsulting.com\/en\/wp-json\/wp\/v2\/pages\/194","targetHints":{"allow":["GET"]}}],"collection":[{"href":"https:\/\/lebenswerkconsulting.com\/en\/wp-json\/wp\/v2\/pages"}],"about":[{"href":"https:\/\/lebenswerkconsulting.com\/en\/wp-json\/wp\/v2\/types\/page"}],"author":[{"embeddable":true,"href":"https:\/\/lebenswerkconsulting.com\/en\/wp-json\/wp\/v2\/users\/1"}],"replies":[{"embeddable":true,"href":"https:\/\/lebenswerkconsulting.com\/en\/wp-json\/wp\/v2\/comments?post=194"}],"version-history":[{"count":48,"href":"https:\/\/lebenswerkconsulting.com\/en\/wp-json\/wp\/v2\/pages\/194\/revisions"}],"predecessor-version":[{"id":4642,"href":"https:\/\/lebenswerkconsulting.com\/en\/wp-json\/wp\/v2\/pages\/194\/revisions\/4642"}],"wp:featuredmedia":[{"embeddable":true,"href":"https:\/\/lebenswerkconsulting.com\/en\/wp-json\/wp\/v2\/media\/536"}],"wp:attachment":[{"href":"https:\/\/lebenswerkconsulting.com\/en\/wp-json\/wp\/v2\/media?parent=194"}],"curies":[{"name":"wp","href":"https:\/\/api.w.org\/{rel}","templated":true}]}}